{"id":153,"date":"2024-04-25T19:54:02","date_gmt":"2024-04-25T17:54:02","guid":{"rendered":"https:\/\/domkiwyszowate.pl\/?page_id=153"},"modified":"2024-07-04T22:11:08","modified_gmt":"2024-07-04T20:11:08","slug":"kontakt","status":"publish","type":"page","link":"https:\/\/domkinamazurach.com\/index.php\/kontakt\/","title":{"rendered":"Kontakt"},"content":{"rendered":"\t\t<div data-elementor-type=\"wp-page\" data-elementor-id=\"153\" class=\"elementor elementor-153\">\n\t\t\t\t<div class=\"elementor-element elementor-element-55742de e-flex e-con-boxed e-con e-parent\" data-id=\"55742de\" data-element_type=\"container\">\n\t\t\t\t\t<div class=\"e-con-inner\">\n\t\t\t\t<div class=\"elementor-element elementor-element-b53c5b4 elementor-widget elementor-widget-heading\" data-id=\"b53c5b4\" data-element_type=\"widget\" data-widget_type=\"heading.default\">\n\t\t\t\t<div class=\"elementor-widget-container\">\n\t\t\t<style>\/*! elementor - v3.21.0 - 24-04-2024 *\/\n.elementor-heading-title{padding:0;margin:0;line-height:1}.elementor-widget-heading .elementor-heading-title[class*=elementor-size-]>a{color:inherit;font-size:inherit;line-height:inherit}.elementor-widget-heading .elementor-heading-title.elementor-size-small{font-size:15px}.elementor-widget-heading .elementor-heading-title.elementor-size-medium{font-size:19px}.elementor-widget-heading .elementor-heading-title.elementor-size-large{font-size:29px}.elementor-widget-heading .elementor-heading-title.elementor-size-xl{font-size:39px}.elementor-widget-heading .elementor-heading-title.elementor-size-xxl{font-size:59px}<\/style><h2 class=\"elementor-heading-title elementor-size-default\">Dane kontaktowe<\/h2>\t\t<\/div>\n\t\t\t\t<\/div>\n\t\t\t\t<div class=\"elementor-element elementor-element-2ccd1de elementor-widget elementor-widget-spacer\" data-id=\"2ccd1de\" data-element_type=\"widget\" data-widget_type=\"spacer.default\">\n\t\t\t\t<div class=\"elementor-widget-container\">\n\t\t\t<style>\/*! elementor - v3.21.0 - 24-04-2024 *\/\n.elementor-column .elementor-spacer-inner{height:var(--spacer-size)}.e-con{--container-widget-width:100%}.e-con-inner>.elementor-widget-spacer,.e-con>.elementor-widget-spacer{width:var(--container-widget-width,var(--spacer-size));--align-self:var(--container-widget-align-self,initial);--flex-shrink:0}.e-con-inner>.elementor-widget-spacer>.elementor-widget-container,.e-con>.elementor-widget-spacer>.elementor-widget-container{height:100%;width:100%}.e-con-inner>.elementor-widget-spacer>.elementor-widget-container>.elementor-spacer,.e-con>.elementor-widget-spacer>.elementor-widget-container>.elementor-spacer{height:100%}.e-con-inner>.elementor-widget-spacer>.elementor-widget-container>.elementor-spacer>.elementor-spacer-inner,.e-con>.elementor-widget-spacer>.elementor-widget-container>.elementor-spacer>.elementor-spacer-inner{height:var(--container-widget-height,var(--spacer-size))}.e-con-inner>.elementor-widget-spacer.elementor-widget-empty,.e-con>.elementor-widget-spacer.elementor-widget-empty{position:relative;min-height:22px;min-width:22px}.e-con-inner>.elementor-widget-spacer.elementor-widget-empty .elementor-widget-empty-icon,.e-con>.elementor-widget-spacer.elementor-widget-empty .elementor-widget-empty-icon{position:absolute;top:0;bottom:0;left:0;right:0;margin:auto;padding:0;width:22px;height:22px}<\/style>\t\t<div class=\"elementor-spacer\">\n\t\t\t<div class=\"elementor-spacer-inner\"><\/div>\n\t\t<\/div>\n\t\t\t\t<\/div>\n\t\t\t\t<\/div>\n\t\t\t\t<div class=\"elementor-element elementor-element-f9b0de9 elementor-widget elementor-widget-heading\" data-id=\"f9b0de9\" data-element_type=\"widget\" data-widget_type=\"heading.default\">\n\t\t\t\t<div class=\"elementor-widget-container\">\n\t\t\t<h5 class=\"elementor-heading-title elementor-size-default\">Tel.:<\/h5>\t\t<\/div>\n\t\t\t\t<\/div>\n\t\t\t\t<div class=\"elementor-element elementor-element-312f3d1 elementor-widget elementor-widget-text-editor\" data-id=\"312f3d1\" data-element_type=\"widget\" data-widget_type=\"text-editor.default\">\n\t\t\t\t<div class=\"elementor-widget-container\">\n\t\t\t<style>\/*! elementor - v3.21.0 - 24-04-2024 *\/\n.elementor-widget-text-editor.elementor-drop-cap-view-stacked .elementor-drop-cap{background-color:#69727d;color:#fff}.elementor-widget-text-editor.elementor-drop-cap-view-framed .elementor-drop-cap{color:#69727d;border:3px solid;background-color:transparent}.elementor-widget-text-editor:not(.elementor-drop-cap-view-default) .elementor-drop-cap{margin-top:8px}.elementor-widget-text-editor:not(.elementor-drop-cap-view-default) .elementor-drop-cap-letter{width:1em;height:1em}.elementor-widget-text-editor .elementor-drop-cap{float:left;text-align:center;line-height:1;font-size:50px}.elementor-widget-text-editor .elementor-drop-cap-letter{display:inline-block}<\/style>\t\t\t\t<p><a href=\"tel:+48509323993\">509 323 993<\/a><\/p>\t\t\t\t\t\t<\/div>\n\t\t\t\t<\/div>\n\t\t\t\t<div class=\"elementor-element elementor-element-eb40371 elementor-widget elementor-widget-text-editor\" data-id=\"eb40371\" data-element_type=\"widget\" data-widget_type=\"text-editor.default\">\n\t\t\t\t<div class=\"elementor-widget-container\">\n\t\t\t\t\t\t\t<strong>Mail:\n<\/strong><br\/><a href=\"mailto:kklonowska@tlen.pl\">kklonowska@tlen.pl<\/a>\t\t\t\t\t\t<\/div>\n\t\t\t\t<\/div>\n\t\t\t\t<div class=\"elementor-element elementor-element-a1030bf elementor-widget elementor-widget-text-editor\" data-id=\"a1030bf\" data-element_type=\"widget\" data-widget_type=\"text-editor.default\">\n\t\t\t\t<div class=\"elementor-widget-container\">\n\t\t\t\t\t\t\t<p><strong>Numer konta bankowego:<\/strong><br \/><em>ING Bank \u015al\u0105ski<\/em><br \/>48 1050 1924 1000 0023 4111 1140 <\/p>\t\t\t\t\t\t<\/div>\n\t\t\t\t<\/div>\n\t\t\t\t<div class=\"elementor-element elementor-element-c2fd360 elementor-widget elementor-widget-text-editor\" data-id=\"c2fd360\" data-element_type=\"widget\" data-widget_type=\"text-editor.default\">\n\t\t\t\t<div class=\"elementor-widget-container\">\n\t\t\t\t\t\t\t<p>Rezerwacji mo\u017cna dokona\u0107 poprzez bezpo\u015bredni kontakt. Po dokonaniu rezerwacji prosimy o wp\u0142acenie zaliczki w wysoko\u015bci 20%. W przypadku braku wp\u0142ywu zaliczki w ci\u0105gu dw\u00f3ch dni roboczych od dokonania rezerwacji, rezerwacja zostanie anulowana. Pozosta\u0142a kwota p\u0142atna do dnia przyjazdu.<\/p>\t\t\t\t\t\t<\/div>\n\t\t\t\t<\/div>\n\t\t\t\t\t<\/div>\n\t\t\t\t<\/div>\n\t\t\t\t<\/div>\n\t\t","protected":false},"excerpt":{"rendered":"<p>Dane kontaktowe Tel.: 509 323 993 Mail: kklonowska@tlen.pl Numer konta bankowego:ING Bank \u015al\u0105ski48 1050 1924 1000 0023 4111 1140 Rezerwacji mo\u017cna dokona\u0107 poprzez bezpo\u015bredni kontakt. Po dokonaniu rezerwacji prosimy o wp\u0142acenie zaliczki w wysoko\u015bci 20%. W przypadku braku wp\u0142ywu zaliczki w ci\u0105gu dw\u00f3ch dni roboczych od dokonania rezerwacji, rezerwacja zostanie anulowana. Pozosta\u0142a kwota p\u0142atna do [&hellip;]<\/p>\n","protected":false},"author":1,"featured_media":56,"parent":0,"menu_order":0,"comment_status":"closed","ping_status":"closed","template":"","meta":{"footnotes":""},"class_list":["post-153","page","type-page","status-publish","has-post-thumbnail","hentry"],"yoast_head":"<!-- This site is optimized with the Yoast SEO plugin v22.5 - https:\/\/yoast.com\/wordpress\/plugins\/seo\/ -->\n<title>Kontakt - Domki na Mazurach<\/title>\n<meta name=\"robots\" content=\"index, follow, max-snippet:-1, max-image-preview:large, max-video-preview:-1\" \/>\n<link rel=\"canonical\" href=\"https:\/\/domkinamazurach.com\/index.php\/kontakt\/\" \/>\n<meta property=\"og:locale\" content=\"pl_PL\" \/>\n<meta property=\"og:type\" content=\"article\" \/>\n<meta property=\"og:title\" content=\"Kontakt - Domki na Mazurach\" \/>\n<meta property=\"og:description\" content=\"Dane kontaktowe Tel.: 509 323 993 Mail: kklonowska@tlen.pl Numer konta bankowego:ING Bank \u015al\u0105ski48 1050 1924 1000 0023 4111 1140 Rezerwacji mo\u017cna dokona\u0107 poprzez bezpo\u015bredni kontakt. Po dokonaniu rezerwacji prosimy o wp\u0142acenie zaliczki w wysoko\u015bci 20%. W przypadku braku wp\u0142ywu zaliczki w ci\u0105gu dw\u00f3ch dni roboczych od dokonania rezerwacji, rezerwacja zostanie anulowana. Pozosta\u0142a kwota p\u0142atna do [&hellip;]\" \/>\n<meta property=\"og:url\" content=\"https:\/\/domkinamazurach.com\/index.php\/kontakt\/\" \/>\n<meta property=\"og:site_name\" content=\"Domki na Mazurach\" \/>\n<meta property=\"article:modified_time\" content=\"2024-07-04T20:11:08+00:00\" \/>\n<meta property=\"og:image\" content=\"https:\/\/domkinamazurach.com\/wp-content\/uploads\/2024\/04\/IMG_3721.jpeg\" \/>\n\t<meta property=\"og:image:width\" content=\"2048\" \/>\n\t<meta property=\"og:image:height\" content=\"1536\" \/>\n\t<meta property=\"og:image:type\" content=\"image\/jpeg\" \/>\n<meta name=\"twitter:card\" content=\"summary_large_image\" \/>\n<meta name=\"twitter:label1\" content=\"Szacowany czas czytania\" \/>\n\t<meta name=\"twitter:data1\" content=\"1 minuta\" \/>\n<script type=\"application\/ld+json\" class=\"yoast-schema-graph\">{\"@context\":\"https:\/\/schema.org\",\"@graph\":[{\"@type\":\"WebPage\",\"@id\":\"https:\/\/domkinamazurach.com\/index.php\/kontakt\/\",\"url\":\"https:\/\/domkinamazurach.com\/index.php\/kontakt\/\",\"name\":\"Kontakt - Domki na Mazurach\",\"isPartOf\":{\"@id\":\"https:\/\/domkinamazurach.com\/#website\"},\"primaryImageOfPage\":{\"@id\":\"https:\/\/domkinamazurach.com\/index.php\/kontakt\/#primaryimage\"},\"image\":{\"@id\":\"https:\/\/domkinamazurach.com\/index.php\/kontakt\/#primaryimage\"},\"thumbnailUrl\":\"https:\/\/domkinamazurach.com\/wp-content\/uploads\/2024\/04\/IMG_3721.jpeg\",\"datePublished\":\"2024-04-25T17:54:02+00:00\",\"dateModified\":\"2024-07-04T20:11:08+00:00\",\"breadcrumb\":{\"@id\":\"https:\/\/domkinamazurach.com\/index.php\/kontakt\/#breadcrumb\"},\"inLanguage\":\"pl-PL\",\"potentialAction\":[{\"@type\":\"ReadAction\",\"target\":[\"https:\/\/domkinamazurach.com\/index.php\/kontakt\/\"]}]},{\"@type\":\"ImageObject\",\"inLanguage\":\"pl-PL\",\"@id\":\"https:\/\/domkinamazurach.com\/index.php\/kontakt\/#primaryimage\",\"url\":\"https:\/\/domkinamazurach.com\/wp-content\/uploads\/2024\/04\/IMG_3721.jpeg\",\"contentUrl\":\"https:\/\/domkinamazurach.com\/wp-content\/uploads\/2024\/04\/IMG_3721.jpeg\",\"width\":2048,\"height\":1536},{\"@type\":\"BreadcrumbList\",\"@id\":\"https:\/\/domkinamazurach.com\/index.php\/kontakt\/#breadcrumb\",\"itemListElement\":[{\"@type\":\"ListItem\",\"position\":1,\"name\":\"Home\",\"item\":\"https:\/\/domkinamazurach.com\/\"},{\"@type\":\"ListItem\",\"position\":2,\"name\":\"Kontakt\"}]},{\"@type\":\"WebSite\",\"@id\":\"https:\/\/domkinamazurach.com\/#website\",\"url\":\"https:\/\/domkinamazurach.com\/\",\"name\":\"Domki na Mazurach\",\"description\":\"Domki w miejscowo\u015bci Wyszowate\",\"publisher\":{\"@id\":\"https:\/\/domkinamazurach.com\/#organization\"},\"potentialAction\":[{\"@type\":\"SearchAction\",\"target\":{\"@type\":\"EntryPoint\",\"urlTemplate\":\"https:\/\/domkinamazurach.com\/?s={search_term_string}\"},\"query-input\":\"required name=search_term_string\"}],\"inLanguage\":\"pl-PL\"},{\"@type\":\"Organization\",\"@id\":\"https:\/\/domkinamazurach.com\/#organization\",\"name\":\"Domki na Mazurach\",\"url\":\"https:\/\/domkinamazurach.com\/\",\"logo\":{\"@type\":\"ImageObject\",\"inLanguage\":\"pl-PL\",\"@id\":\"https:\/\/domkinamazurach.com\/#\/schema\/logo\/image\/\",\"url\":\"https:\/\/domkinamazurach.com\/wp-content\/uploads\/2024\/04\/cropped-IMG_2710.jpeg\",\"contentUrl\":\"https:\/\/domkinamazurach.com\/wp-content\/uploads\/2024\/04\/cropped-IMG_2710.jpeg\",\"width\":512,\"height\":512,\"caption\":\"Domki na Mazurach\"},\"image\":{\"@id\":\"https:\/\/domkinamazurach.com\/#\/schema\/logo\/image\/\"}}]}<\/script>\n<!-- \/ Yoast SEO plugin. -->","yoast_head_json":{"title":"Kontakt - Domki na Mazurach","robots":{"index":"index","follow":"follow","max-snippet":"max-snippet:-1","max-image-preview":"max-image-preview:large","max-video-preview":"max-video-preview:-1"},"canonical":"https:\/\/domkinamazurach.com\/index.php\/kontakt\/","og_locale":"pl_PL","og_type":"article","og_title":"Kontakt - Domki na Mazurach","og_description":"Dane kontaktowe Tel.: 509 323 993 Mail: kklonowska@tlen.pl Numer konta bankowego:ING Bank \u015al\u0105ski48 1050 1924 1000 0023 4111 1140 Rezerwacji mo\u017cna dokona\u0107 poprzez bezpo\u015bredni kontakt. Po dokonaniu rezerwacji prosimy o wp\u0142acenie zaliczki w wysoko\u015bci 20%. W przypadku braku wp\u0142ywu zaliczki w ci\u0105gu dw\u00f3ch dni roboczych od dokonania rezerwacji, rezerwacja zostanie anulowana. Pozosta\u0142a kwota p\u0142atna do [&hellip;]","og_url":"https:\/\/domkinamazurach.com\/index.php\/kontakt\/","og_site_name":"Domki na Mazurach","article_modified_time":"2024-07-04T20:11:08+00:00","og_image":[{"width":2048,"height":1536,"url":"https:\/\/domkinamazurach.com\/wp-content\/uploads\/2024\/04\/IMG_3721.jpeg","type":"image\/jpeg"}],"twitter_card":"summary_large_image","twitter_misc":{"Szacowany czas czytania":"1 minuta"},"schema":{"@context":"https:\/\/schema.org","@graph":[{"@type":"WebPage","@id":"https:\/\/domkinamazurach.com\/index.php\/kontakt\/","url":"https:\/\/domkinamazurach.com\/index.php\/kontakt\/","name":"Kontakt - Domki na Mazurach","isPartOf":{"@id":"https:\/\/domkinamazurach.com\/#website"},"primaryImageOfPage":{"@id":"https:\/\/domkinamazurach.com\/index.php\/kontakt\/#primaryimage"},"image":{"@id":"https:\/\/domkinamazurach.com\/index.php\/kontakt\/#primaryimage"},"thumbnailUrl":"https:\/\/domkinamazurach.com\/wp-content\/uploads\/2024\/04\/IMG_3721.jpeg","datePublished":"2024-04-25T17:54:02+00:00","dateModified":"2024-07-04T20:11:08+00:00","breadcrumb":{"@id":"https:\/\/domkinamazurach.com\/index.php\/kontakt\/#breadcrumb"},"inLanguage":"pl-PL","potentialAction":[{"@type":"ReadAction","target":["https:\/\/domkinamazurach.com\/index.php\/kontakt\/"]}]},{"@type":"ImageObject","inLanguage":"pl-PL","@id":"https:\/\/domkinamazurach.com\/index.php\/kontakt\/#primaryimage","url":"https:\/\/domkinamazurach.com\/wp-content\/uploads\/2024\/04\/IMG_3721.jpeg","contentUrl":"https:\/\/domkinamazurach.com\/wp-content\/uploads\/2024\/04\/IMG_3721.jpeg","width":2048,"height":1536},{"@type":"BreadcrumbList","@id":"https:\/\/domkinamazurach.com\/index.php\/kontakt\/#breadcrumb","itemListElement":[{"@type":"ListItem","position":1,"name":"Home","item":"https:\/\/domkinamazurach.com\/"},{"@type":"ListItem","position":2,"name":"Kontakt"}]},{"@type":"WebSite","@id":"https:\/\/domkinamazurach.com\/#website","url":"https:\/\/domkinamazurach.com\/","name":"Domki na Mazurach","description":"Domki w miejscowo\u015bci Wyszowate","publisher":{"@id":"https:\/\/domkinamazurach.com\/#organization"},"potentialAction":[{"@type":"SearchAction","target":{"@type":"EntryPoint","urlTemplate":"https:\/\/domkinamazurach.com\/?s={search_term_string}"},"query-input":"required name=search_term_string"}],"inLanguage":"pl-PL"},{"@type":"Organization","@id":"https:\/\/domkinamazurach.com\/#organization","name":"Domki na Mazurach","url":"https:\/\/domkinamazurach.com\/","logo":{"@type":"ImageObject","inLanguage":"pl-PL","@id":"https:\/\/domkinamazurach.com\/#\/schema\/logo\/image\/","url":"https:\/\/domkinamazurach.com\/wp-content\/uploads\/2024\/04\/cropped-IMG_2710.jpeg","contentUrl":"https:\/\/domkinamazurach.com\/wp-content\/uploads\/2024\/04\/cropped-IMG_2710.jpeg","width":512,"height":512,"caption":"Domki na Mazurach"},"image":{"@id":"https:\/\/domkinamazurach.com\/#\/schema\/logo\/image\/"}}]}},"_links":{"self":[{"href":"https:\/\/domkinamazurach.com\/index.php\/wp-json\/wp\/v2\/pages\/153","targetHints":{"allow":["GET"]}}],"collection":[{"href":"https:\/\/domkinamazurach.com\/index.php\/wp-json\/wp\/v2\/pages"}],"about":[{"href":"https:\/\/domkinamazurach.com\/index.php\/wp-json\/wp\/v2\/types\/page"}],"author":[{"embeddable":true,"href":"https:\/\/domkinamazurach.com\/index.php\/wp-json\/wp\/v2\/users\/1"}],"replies":[{"embeddable":true,"href":"https:\/\/domkinamazurach.com\/index.php\/wp-json\/wp\/v2\/comments?post=153"}],"version-history":[{"count":35,"href":"https:\/\/domkinamazurach.com\/index.php\/wp-json\/wp\/v2\/pages\/153\/revisions"}],"predecessor-version":[{"id":610,"href":"https:\/\/domkinamazurach.com\/index.php\/wp-json\/wp\/v2\/pages\/153\/revisions\/610"}],"wp:featuredmedia":[{"embeddable":true,"href":"https:\/\/domkinamazurach.com\/index.php\/wp-json\/wp\/v2\/media\/56"}],"wp:attachment":[{"href":"https:\/\/domkinamazurach.com\/index.php\/wp-json\/wp\/v2\/media?parent=153"}],"curies":[{"name":"wp","href":"https:\/\/api.w.org\/{rel}","templated":true}]}}